{"id":2147,"date":"2024-01-17T14:35:57","date_gmt":"2024-01-17T14:35:57","guid":{"rendered":"https:\/\/tantekee15.nl\/?post_type=product&#038;p=2147"},"modified":"2024-11-06T09:26:08","modified_gmt":"2024-11-06T09:26:08","slug":"leeff-beton-kandelaar-carmen","status":"publish","type":"product","link":"https:\/\/tantekee15.nl\/index.php\/product\/leeff-beton-kandelaar-carmen\/","title":{"rendered":"Leeff beton kandelaar Carmen"},"content":{"rendered":"<p>Een echte Eye-catcher voor in huis is deze toffe betonnen kandelaar. Deze hippe kandelaar brengt sfeer z\u00e9lfs als het vlammetje niet brandt!<\/p>\n<p>De houder is gekleurd in de kleur \u2018grijs\u2019. Een kleur en vorm die naadloos aansluit bij de interieurtrends van dit moment. De kandelaar heeft een diameter van 5,6 centimeter en een hoogte van 5,3 en is gemaakt van cement.<\/p>\n<p>Super tof gecombineerd met de andere mooie producten van het Scandinavische merk Leeff in 2 formaten S 5,6\u00d75,6\u00d75,3 cm (l\u00d7b\u00d7h) \u00a0M 5,6 x 5,6 x 6,5 cm<\/p>\n","protected":false},"excerpt":{"rendered":"<p>Een echte Eye-catcher voor in huis is deze toffe betonnen kandelaar. Deze hippe kandelaar brengt sfeer z\u00e9lfs als het vlammetje niet brandt!<\/p>\n<p>De houder is gekleurd in de kleur \u2018grijs\u2019. Een kleur en vorm die naadloos aansluit bij de interieurtrends van dit moment. De kandelaar heeft een diameter van 5,6 centimeter en een hoogte van 5,3 en is gemaakt van cement.<\/p>\n<p>Super tof gecombineerd met de andere mooie producten van het Scandinavische merk Leeff<\/p>\n","protected":false},"featured_media":2150,"comment_status":"open","ping_status":"closed","template":"","meta":[],"product_brand":[],"product_cat":[115,59],"product_tag":[409,195,120,75],"class_list":{"0":"post-2147","1":"product","2":"type-product","3":"status-publish","4":"has-post-thumbnail","6":"product_cat-kandelaar","7":"product_cat-woonaccesoires","8":"product_tag-beton-kandelaar","9":"product_tag-kaarskandelaar","10":"product_tag-kandelaar","11":"product_tag-leeff","13":"first","14":"instock","15":"taxable","16":"shipping-taxable","17":"purchasable","18":"product-type-variable"},"yoast_head":"<!-- This site is optimized with the Yoast SEO plugin v27.4 - https:\/\/yoast.com\/product\/yoast-seo-wordpress\/ -->\n<title>Leeff beton kandelaar Carmen - TanteKEE<\/title>\n<meta name=\"robots\" content=\"index, follow, max-snippet:-1, max-image-preview:large, max-video-preview:-1\" \/>\n<link rel=\"canonical\" href=\"https:\/\/tantekee15.nl\/index.php\/product\/leeff-beton-kandelaar-carmen\/\" \/>\n<meta property=\"og:locale\" content=\"nl_NL\" \/>\n<meta property=\"og:type\" content=\"article\" \/>\n<meta property=\"og:title\" content=\"Leeff beton kandelaar Carmen - TanteKEE\" \/>\n<meta property=\"og:description\" content=\"Een echte Eye-catcher voor in huis is deze toffe betonnen kandelaar. Deze hippe kandelaar brengt sfeer z\u00e9lfs als het vlammetje niet brandt!  De houder is gekleurd in de kleur \u2018grijs\u2019. Een kleur en vorm die naadloos aansluit bij de interieurtrends van dit moment. De kandelaar heeft een diameter van 5,6 centimeter en een hoogte van 5,3 en is gemaakt van cement.  Super tof gecombineerd met de andere mooie producten van het Scandinavische merk Leeff\" \/>\n<meta property=\"og:url\" content=\"https:\/\/tantekee15.nl\/index.php\/product\/leeff-beton-kandelaar-carmen\/\" \/>\n<meta property=\"og:site_name\" content=\"TanteKEE\" \/>\n<meta property=\"article:publisher\" content=\"https:\/\/www.facebook.com\/tantekee15\/\" \/>\n<meta property=\"article:modified_time\" content=\"2024-11-06T09:26:08+00:00\" \/>\n<meta property=\"og:image\" content=\"https:\/\/tantekee15.nl\/wp-content\/uploads\/2024\/01\/IMG_1611.jpeg\" \/>\n\t<meta property=\"og:image:width\" content=\"768\" \/>\n\t<meta property=\"og:image:height\" content=\"1024\" \/>\n\t<meta property=\"og:image:type\" content=\"image\/jpeg\" \/>\n<meta name=\"twitter:card\" content=\"summary_large_image\" \/>\n<meta name=\"twitter:label1\" content=\"Geschatte leestijd\" \/>\n\t<meta name=\"twitter:data1\" content=\"1 minuut\" \/>\n<script type=\"application\/ld+json\" class=\"yoast-schema-graph\">{\"@context\":\"https:\\\/\\\/schema.org\",\"@graph\":[{\"@type\":\"WebPage\",\"@id\":\"https:\\\/\\\/tantekee15.nl\\\/index.php\\\/product\\\/leeff-beton-kandelaar-carmen\\\/\",\"url\":\"https:\\\/\\\/tantekee15.nl\\\/index.php\\\/product\\\/leeff-beton-kandelaar-carmen\\\/\",\"name\":\"Leeff beton kandelaar Carmen - TanteKEE\",\"isPartOf\":{\"@id\":\"https:\\\/\\\/tantekee15.nl\\\/#website\"},\"primaryImageOfPage\":{\"@id\":\"https:\\\/\\\/tantekee15.nl\\\/index.php\\\/product\\\/leeff-beton-kandelaar-carmen\\\/#primaryimage\"},\"image\":{\"@id\":\"https:\\\/\\\/tantekee15.nl\\\/index.php\\\/product\\\/leeff-beton-kandelaar-carmen\\\/#primaryimage\"},\"thumbnailUrl\":\"https:\\\/\\\/tantekee15.nl\\\/wp-content\\\/uploads\\\/2024\\\/01\\\/IMG_1611.jpeg\",\"datePublished\":\"2024-01-17T14:35:57+00:00\",\"dateModified\":\"2024-11-06T09:26:08+00:00\",\"breadcrumb\":{\"@id\":\"https:\\\/\\\/tantekee15.nl\\\/index.php\\\/product\\\/leeff-beton-kandelaar-carmen\\\/#breadcrumb\"},\"inLanguage\":\"nl-NL\",\"potentialAction\":[{\"@type\":\"ReadAction\",\"target\":[\"https:\\\/\\\/tantekee15.nl\\\/index.php\\\/product\\\/leeff-beton-kandelaar-carmen\\\/\"]}]},{\"@type\":\"ImageObject\",\"inLanguage\":\"nl-NL\",\"@id\":\"https:\\\/\\\/tantekee15.nl\\\/index.php\\\/product\\\/leeff-beton-kandelaar-carmen\\\/#primaryimage\",\"url\":\"https:\\\/\\\/tantekee15.nl\\\/wp-content\\\/uploads\\\/2024\\\/01\\\/IMG_1611.jpeg\",\"contentUrl\":\"https:\\\/\\\/tantekee15.nl\\\/wp-content\\\/uploads\\\/2024\\\/01\\\/IMG_1611.jpeg\",\"width\":768,\"height\":1024},{\"@type\":\"BreadcrumbList\",\"@id\":\"https:\\\/\\\/tantekee15.nl\\\/index.php\\\/product\\\/leeff-beton-kandelaar-carmen\\\/#breadcrumb\",\"itemListElement\":[{\"@type\":\"ListItem\",\"position\":1,\"name\":\"Home\",\"item\":\"https:\\\/\\\/tantekee15.nl\\\/\"},{\"@type\":\"ListItem\",\"position\":2,\"name\":\"Winkel\",\"item\":\"https:\\\/\\\/tantekee15.nl\\\/index.php\\\/winkel\\\/\"},{\"@type\":\"ListItem\",\"position\":3,\"name\":\"Leeff beton kandelaar Carmen\"}]},{\"@type\":\"WebSite\",\"@id\":\"https:\\\/\\\/tantekee15.nl\\\/#website\",\"url\":\"https:\\\/\\\/tantekee15.nl\\\/\",\"name\":\"TanteKEE\",\"description\":\"\",\"publisher\":{\"@id\":\"https:\\\/\\\/tantekee15.nl\\\/#organization\"},\"alternateName\":\"TanteKEE15\",\"potentialAction\":[{\"@type\":\"SearchAction\",\"target\":{\"@type\":\"EntryPoint\",\"urlTemplate\":\"https:\\\/\\\/tantekee15.nl\\\/?s={search_term_string}\"},\"query-input\":{\"@type\":\"PropertyValueSpecification\",\"valueRequired\":true,\"valueName\":\"search_term_string\"}}],\"inLanguage\":\"nl-NL\"},{\"@type\":\"Organization\",\"@id\":\"https:\\\/\\\/tantekee15.nl\\\/#organization\",\"name\":\"TanteKEE\",\"url\":\"https:\\\/\\\/tantekee15.nl\\\/\",\"logo\":{\"@type\":\"ImageObject\",\"inLanguage\":\"nl-NL\",\"@id\":\"https:\\\/\\\/tantekee15.nl\\\/#\\\/schema\\\/logo\\\/image\\\/\",\"url\":\"https:\\\/\\\/tantekee15.nl\\\/wp-content\\\/uploads\\\/2022\\\/09\\\/cropped-cropped-LOGO-Tante-KEE-takje-boven-002.png\",\"contentUrl\":\"https:\\\/\\\/tantekee15.nl\\\/wp-content\\\/uploads\\\/2022\\\/09\\\/cropped-cropped-LOGO-Tante-KEE-takje-boven-002.png\",\"width\":401,\"height\":388,\"caption\":\"TanteKEE\"},\"image\":{\"@id\":\"https:\\\/\\\/tantekee15.nl\\\/#\\\/schema\\\/logo\\\/image\\\/\"},\"sameAs\":[\"https:\\\/\\\/www.facebook.com\\\/tantekee15\\\/\",\"https:\\\/\\\/www.instagram.com\\\/tantekee15\\\/\"]}]}<\/script>\n<!-- \/ Yoast SEO plugin. -->","yoast_head_json":{"title":"Leeff beton kandelaar Carmen - TanteKEE","robots":{"index":"index","follow":"follow","max-snippet":"max-snippet:-1","max-image-preview":"max-image-preview:large","max-video-preview":"max-video-preview:-1"},"canonical":"https:\/\/tantekee15.nl\/index.php\/product\/leeff-beton-kandelaar-carmen\/","og_locale":"nl_NL","og_type":"article","og_title":"Leeff beton kandelaar Carmen - TanteKEE","og_description":"Een echte Eye-catcher voor in huis is deze toffe betonnen kandelaar. Deze hippe kandelaar brengt sfeer z\u00e9lfs als het vlammetje niet brandt!  De houder is gekleurd in de kleur \u2018grijs\u2019. Een kleur en vorm die naadloos aansluit bij de interieurtrends van dit moment. De kandelaar heeft een diameter van 5,6 centimeter en een hoogte van 5,3 en is gemaakt van cement.  Super tof gecombineerd met de andere mooie producten van het Scandinavische merk Leeff","og_url":"https:\/\/tantekee15.nl\/index.php\/product\/leeff-beton-kandelaar-carmen\/","og_site_name":"TanteKEE","article_publisher":"https:\/\/www.facebook.com\/tantekee15\/","article_modified_time":"2024-11-06T09:26:08+00:00","og_image":[{"width":768,"height":1024,"url":"https:\/\/tantekee15.nl\/wp-content\/uploads\/2024\/01\/IMG_1611.jpeg","type":"image\/jpeg"}],"twitter_card":"summary_large_image","twitter_misc":{"Geschatte leestijd":"1 minuut"},"schema":{"@context":"https:\/\/schema.org","@graph":[{"@type":"WebPage","@id":"https:\/\/tantekee15.nl\/index.php\/product\/leeff-beton-kandelaar-carmen\/","url":"https:\/\/tantekee15.nl\/index.php\/product\/leeff-beton-kandelaar-carmen\/","name":"Leeff beton kandelaar Carmen - TanteKEE","isPartOf":{"@id":"https:\/\/tantekee15.nl\/#website"},"primaryImageOfPage":{"@id":"https:\/\/tantekee15.nl\/index.php\/product\/leeff-beton-kandelaar-carmen\/#primaryimage"},"image":{"@id":"https:\/\/tantekee15.nl\/index.php\/product\/leeff-beton-kandelaar-carmen\/#primaryimage"},"thumbnailUrl":"https:\/\/tantekee15.nl\/wp-content\/uploads\/2024\/01\/IMG_1611.jpeg","datePublished":"2024-01-17T14:35:57+00:00","dateModified":"2024-11-06T09:26:08+00:00","breadcrumb":{"@id":"https:\/\/tantekee15.nl\/index.php\/product\/leeff-beton-kandelaar-carmen\/#breadcrumb"},"inLanguage":"nl-NL","potentialAction":[{"@type":"ReadAction","target":["https:\/\/tantekee15.nl\/index.php\/product\/leeff-beton-kandelaar-carmen\/"]}]},{"@type":"ImageObject","inLanguage":"nl-NL","@id":"https:\/\/tantekee15.nl\/index.php\/product\/leeff-beton-kandelaar-carmen\/#primaryimage","url":"https:\/\/tantekee15.nl\/wp-content\/uploads\/2024\/01\/IMG_1611.jpeg","contentUrl":"https:\/\/tantekee15.nl\/wp-content\/uploads\/2024\/01\/IMG_1611.jpeg","width":768,"height":1024},{"@type":"BreadcrumbList","@id":"https:\/\/tantekee15.nl\/index.php\/product\/leeff-beton-kandelaar-carmen\/#breadcrumb","itemListElement":[{"@type":"ListItem","position":1,"name":"Home","item":"https:\/\/tantekee15.nl\/"},{"@type":"ListItem","position":2,"name":"Winkel","item":"https:\/\/tantekee15.nl\/index.php\/winkel\/"},{"@type":"ListItem","position":3,"name":"Leeff beton kandelaar Carmen"}]},{"@type":"WebSite","@id":"https:\/\/tantekee15.nl\/#website","url":"https:\/\/tantekee15.nl\/","name":"TanteKEE","description":"","publisher":{"@id":"https:\/\/tantekee15.nl\/#organization"},"alternateName":"TanteKEE15","potentialAction":[{"@type":"SearchAction","target":{"@type":"EntryPoint","urlTemplate":"https:\/\/tantekee15.nl\/?s={search_term_string}"},"query-input":{"@type":"PropertyValueSpecification","valueRequired":true,"valueName":"search_term_string"}}],"inLanguage":"nl-NL"},{"@type":"Organization","@id":"https:\/\/tantekee15.nl\/#organization","name":"TanteKEE","url":"https:\/\/tantekee15.nl\/","logo":{"@type":"ImageObject","inLanguage":"nl-NL","@id":"https:\/\/tantekee15.nl\/#\/schema\/logo\/image\/","url":"https:\/\/tantekee15.nl\/wp-content\/uploads\/2022\/09\/cropped-cropped-LOGO-Tante-KEE-takje-boven-002.png","contentUrl":"https:\/\/tantekee15.nl\/wp-content\/uploads\/2022\/09\/cropped-cropped-LOGO-Tante-KEE-takje-boven-002.png","width":401,"height":388,"caption":"TanteKEE"},"image":{"@id":"https:\/\/tantekee15.nl\/#\/schema\/logo\/image\/"},"sameAs":["https:\/\/www.facebook.com\/tantekee15\/","https:\/\/www.instagram.com\/tantekee15\/"]}]}},"_links":{"self":[{"href":"https:\/\/tantekee15.nl\/index.php\/wp-json\/wp\/v2\/product\/2147","targetHints":{"allow":["GET"]}}],"collection":[{"href":"https:\/\/tantekee15.nl\/index.php\/wp-json\/wp\/v2\/product"}],"about":[{"href":"https:\/\/tantekee15.nl\/index.php\/wp-json\/wp\/v2\/types\/product"}],"replies":[{"embeddable":true,"href":"https:\/\/tantekee15.nl\/index.php\/wp-json\/wp\/v2\/comments?post=2147"}],"wp:featuredmedia":[{"embeddable":true,"href":"https:\/\/tantekee15.nl\/index.php\/wp-json\/wp\/v2\/media\/2150"}],"wp:attachment":[{"href":"https:\/\/tantekee15.nl\/index.php\/wp-json\/wp\/v2\/media?parent=2147"}],"wp:term":[{"taxonomy":"product_brand","embeddable":true,"href":"https:\/\/tantekee15.nl\/index.php\/wp-json\/wp\/v2\/product_brand?post=2147"},{"taxonomy":"product_cat","embeddable":true,"href":"https:\/\/tantekee15.nl\/index.php\/wp-json\/wp\/v2\/product_cat?post=2147"},{"taxonomy":"product_tag","embeddable":true,"href":"https:\/\/tantekee15.nl\/index.php\/wp-json\/wp\/v2\/product_tag?post=2147"}],"curies":[{"name":"wp","href":"https:\/\/api.w.org\/{rel}","templated":true}]}}